{"id":707,"date":"2015-07-20T20:15:31","date_gmt":"2015-07-20T19:15:31","guid":{"rendered":"https:\/\/radreise.dosiek.de\/?page_id=707"},"modified":"2020-02-09T11:08:36","modified_gmt":"2020-02-09T00:08:36","slug":"ausruestung","status":"publish","type":"page","link":"https:\/\/radreise.dosiek.de\/?page_id=707","title":{"rendered":"Ausr\u00fcstung"},"content":{"rendered":"<style>\ntable {\n   border: 1px solid gray;   \n}\nth, td {\n   border: 1px solid gray;\n   padding: 3px;\n   font-family: 'Liberation Sans', Arial, Helvetica, sans-serif;\n   font-size: 90%;\n   text-align: center;\n   vertical-align: top;\n}\nth {\n   background-color: #DDD;\n   font-weight: bold;\n}\ntd.sum {\n   width: 5em;\n   text-align: right;\n}\n<\/style>\n<p>Die unvollst\u00e4ndige Auflistung unserer Ausr\u00fcstung<\/p>\n<hr align=\"center\" \/>\n<div align=\"center\">\n<table border=\"1\" width=\"100%\" align=\"center\">\n<tbody>\n<tr bgcolor=\"#FFFFFF\">\n<td><span style=\"font-family: Arial,Helvetica,sans-serif;\"><b>Gruppe<\/b><\/span><\/td>\n<td><span style=\"font-family: Arial,Helvetica,sans-serif;\"><b>Untergruppe<\/b><\/span><\/td>\n<td><span style=\"font-family: Arial,Helvetica,sans-serif;\"><b>Hersteller<\/b><\/span><\/td>\n<td><span style=\"font-family: Arial,Helvetica,sans-serif;\"><b>Details<\/b><\/span><\/td>\n<td><span style=\"font-family: Arial,Helvetica,sans-serif;\"><b>Link<\/b><\/span><\/td>\n<td><span style=\"font-family: Arial,Helvetica,sans-serif;\"><b>Anmerkung<\/b><\/span><\/td>\n<\/tr>\n<tr bgcolor=\"#FFFFFF\">\n<td><span style=\"font-family: Arial,Helvetica,sans-serif;\">Fahrrad<\/span><\/td>\n<td><span style=\"font-family: Arial,Helvetica,sans-serif;\">Rahmen<\/span><\/td>\n<td><span style=\"font-family: Arial,Helvetica,sans-serif;\">Simplon<\/span><\/td>\n<td><span style=\"font-family: Arial,Helvetica,sans-serif;\">Kagu, Rahmenh\u00f6he 45 und 55<\/span><\/td>\n<td><span style=\"font-family: Arial,Helvetica,sans-serif;\"><a href=\"http:\/\/www.simplon.com\/produkte\/active-lifestyle\/trekking\/kagu\/full-bike-info\/\" target=\"_blank\" rel=\"noopener noreferrer\">Simplon<\/a><\/span><\/td>\n<td><span style=\"font-family: Arial,Helvetica,sans-serif;\">\u0085 mit vielen Anpassungen, hat bis auf die Gabel den Unfall in Kochi unbeschadet \u00fcberstanden<\/span><\/td>\n<\/tr>\n<tr bgcolor=\"#FFFFFF\">\n<td><\/td>\n<td><span style=\"font-family: Arial,Helvetica,sans-serif;\">Schaltung<\/span><\/td>\n<td><span style=\"font-family: Arial,Helvetica,sans-serif;\">Rohloff<\/span><\/td>\n<td><span style=\"font-family: Arial,Helvetica,sans-serif;\">Speedhub 500<\/span><\/td>\n<td><span style=\"font-family: Arial,Helvetica,sans-serif;\"><a href=\"https:\/\/www.rohloff.de\/de\/produkte\/speedhub\/\" target=\"_blank\" rel=\"noopener noreferrer\">Rohloff<\/a><\/span><\/td>\n<td><span style=\"font-family: Arial,Helvetica,sans-serif;\">wartungsarm; \u00d6l wird z. T. auf Scheibenbremse ausgeschwitzt<\/span><\/td>\n<\/tr>\n<tr bgcolor=\"#FFFFFF\">\n<td><\/td>\n<td><span style=\"font-family: Arial,Helvetica,sans-serif;\">Felge<\/span><\/td>\n<td><span style=\"font-family: Arial,Helvetica,sans-serif;\">Ryde<\/span><\/td>\n<td><span style=\"font-family: Arial,Helvetica,sans-serif;\">Sputnik<\/span><\/td>\n<td><span style=\"font-family: Arial,Helvetica,sans-serif;\"><a href=\"http:\/\/www.ryde.nl\/sputnik\" target=\"_blank\" rel=\"noopener noreferrer\">Ryde<\/a><\/span><\/td>\n<td><\/td>\n<\/tr>\n<tr bgcolor=\"#FFFFFF\">\n<td><\/td>\n<td><span style=\"font-family: Arial,Helvetica,sans-serif;\">Decke<\/span><\/td>\n<td><span style=\"font-family: Arial,Helvetica,sans-serif;\">Schwalbe<\/span><\/td>\n<td><span style=\"font-family: Arial,Helvetica,sans-serif;\">Marathon Mondial<\/span><\/td>\n<td><span style=\"font-family: Arial,Helvetica,sans-serif;\"><a href=\"http:\/\/www.schwalbe.com\/de\/tour-reader\/marathon-mondial.html\" target=\"_blank\" rel=\"noopener noreferrer\">Schwalbe<\/a><\/span><\/td>\n<td>Wird bereits nach ca. 20.000 km zu wechseln sein<\/td>\n<\/tr>\n<tr bgcolor=\"#FFFFFF\">\n<td><\/td>\n<td><span style=\"font-family: Arial,Helvetica,sans-serif;\">Nabendynamo<\/span><\/td>\n<td><span style=\"font-family: Arial,Helvetica,sans-serif;\">Schmidt<\/span><\/td>\n<td><span style=\"font-family: Arial,Helvetica,sans-serif;\">SON 28<\/span><\/td>\n<td><span style=\"font-family: Arial,Helvetica,sans-serif;\"><a href=\"https:\/\/nabendynamo.de\/produkte\/nabendynamos\/fuer-standard-gabeln\/\" target=\"_blank\" rel=\"noopener noreferrer\">SON<\/a><\/span><\/td>\n<td><span style=\"font-family: Arial,Helvetica,sans-serif;\">soll haltbarer sein als die der Mitbewerber<\/span><\/td>\n<\/tr>\n<tr bgcolor=\"#FFFFFF\">\n<td><\/td>\n<td><span style=\"font-family: Arial,Helvetica,sans-serif;\">Gep\u00e4cktr\u00e4ger<\/span><\/td>\n<td><span style=\"font-family: Arial,Helvetica,sans-serif;\">Tubus<\/span><\/td>\n<td><span style=\"font-family: Arial,Helvetica,sans-serif;\">Logo und Tara<\/span><\/td>\n<td><span style=\"font-family: Arial,Helvetica,sans-serif;\"><a href=\"http:\/\/www.tubus.com\/index.php\" target=\"_blank\" rel=\"noopener noreferrer\">Tubus<\/a><\/span><\/td>\n<td><span style=\"font-family: Arial,Helvetica,sans-serif;\">mit Lowriderst\u00e4nder<\/span><\/td>\n<\/tr>\n<tr bgcolor=\"#FFFFFF\">\n<td><span style=\"font-family: Arial,Helvetica,sans-serif;\">Zelt<br \/><a href=\"https:\/\/radreise.4lima.de\/?page_id=1819\" target=\"_blank\" style=\"color:white\" rel=\"noopener noreferrer\">Orte<\/a><\/span><\/td>\n<td><\/td>\n<td><span style=\"font-family: Arial,Helvetica,sans-serif;\">Hilleberg<\/span><\/td>\n<td><span style=\"font-family: Arial,Helvetica,sans-serif;\">Nammatj 3 GT mit Footprint<\/span><\/td>\n<td><span style=\"font-family: Arial,Helvetica,sans-serif;\"><a href=\"http:\/\/europe.hilleberg.com\/DE\/products\/black-label\/nammatj\/nammatj3gt.php\" target=\"_blank\" rel=\"noopener noreferrer\">Hilleberg<\/a><\/span><\/td>\n<td><span style=\"font-family: Arial,Helvetica,sans-serif;\">Ein guter Kompromiss aus Gr\u00f6\u00dfe und Gewicht; zwischenzeitlich eingelagert, da teilweise Hotels g\u00fcnstig, 3- statt 4-Jahreszeitenzelt h\u00e4tte wohl bessere L\u00fcftung<\/span><\/td>\n<\/tr>\n<tr bgcolor=\"#FFFFFF\">\n<td><span style=\"font-family: Arial,Helvetica,sans-serif;\">Gep\u00e4ck<\/span><\/td>\n<td><\/td>\n<td><span style=\"font-family: Arial,Helvetica,sans-serif;\">VauDe<\/span><\/td>\n<td><span style=\"font-family: Arial,Helvetica,sans-serif;\">4 x Aqua Back, 2 x Aqua Back Plus, 2 x Aqua Front<\/span><\/td>\n<td><span style=\"font-family: Arial,Helvetica,sans-serif;\"><a href=\"http:\/\/www.vaude.com\/de-DE\/Produkte\/Taschen-Reisegepaeck\/Radtaschen\/?filter=wasserdichte+Taschen#list-itemsperpage\" target=\"_blank\" rel=\"noopener noreferrer\">Vaude<\/a><\/span><\/td>\n<td><span style=\"font-family: Arial,Helvetica,sans-serif;\">wasserdicht, h\u00e4lt beim Zelten auch nachts trocken; nach Unfall in Kochi waren vier zu ersetzen<\/span><\/td>\n<\/tr>\n<tr bgcolor=\"#FFFFFF\">\n<td><\/td>\n<td>Lenkertaschen<\/td>\n<td><span style=\"font-family: Arial,Helvetica,sans-serif;\">Ortlieb<\/span><\/td>\n<td><span style=\"font-family: Arial,Helvetica,sans-serif;\">Ultimate Classic (Gr\u00f6\u00dfen M und L)<\/span><\/td>\n<td><span style=\"font-family: Arial,Helvetica,sans-serif;\"><a href=\"https:\/\/www.ortlieb.com\/de\/produkt-details\/?produkt=ultimate6_classic&amp;list=lenker&amp;slug=radtasche&amp;clearname=Lenker-Taschen\" target=\"_blank\" rel=\"noopener noreferrer\">Ortlieb<\/a><\/span><\/td>\n<td>Der Magnetverschluss ist praktischer als der Druckknopfverschluss<\/td>\n<\/tr>\n<tr bgcolor=\"#FFFFFF\">\n<td><span style=\"font-family: Arial,Helvetica,sans-serif;\">Stromvers.<\/span><\/td>\n<td><\/td>\n<td><span style=\"font-family: Arial,Helvetica,sans-serif;\">Busch und M\u00fcller<\/span><\/td>\n<td><span style=\"font-family: Arial,Helvetica,sans-serif;\">E-Werk und Pufferakku<\/span><\/td>\n<td><span style=\"font-family: Arial,Helvetica,sans-serif;\"><a href=\"https:\/\/www.bumm.de\/de\/produkte\/stromversorgung\/parent\/361\/produkt\/361.html?\" target=\"_blank\" rel=\"noopener noreferrer\">BUMM<\/a><\/span><\/td>\n<td><span style=\"font-family: Arial,Helvetica,sans-serif;\">Versorgt Garmin; Akku wurde wg. geringer Kapazit\u00e4t 12\/2017 ersetzt<\/span><\/td>\n<\/tr>\n<tr bgcolor=\"#FFFFFF\">\n<td><span style=\"font-family: Arial,Helvetica,sans-serif;\">Navigation<\/span><\/td>\n<td><\/td>\n<td><span style=\"font-family: Arial,Helvetica,sans-serif;\">Garmin<\/span><\/td>\n<td><span style=\"font-family: Arial,Helvetica,sans-serif;\">Oregon 600<\/span><\/td>\n<td><span style=\"font-family: Arial,Helvetica,sans-serif;\"><a href=\"https:\/\/buy.garmin.com\/de-DE\/DE\/p\/113532\" target=\"_blank\" rel=\"noopener noreferrer\">Garmin<\/a><\/span><\/td>\n<td>hat sich in Kombination mit Laptop\/BaseCamp bew\u00e4hrt<\/td>\n<\/tr>\n<tr bgcolor=\"#FFFFFF\">\n<td><span style=\"font-family: Arial,Helvetica,sans-serif;\">Foto<\/span><\/td>\n<td><\/td>\n<td><span style=\"font-family: Arial,Helvetica,sans-serif;\">Panasonic (bis 12\/2017)<\/span><\/td>\n<td><span style=\"font-family: Arial,Helvetica,sans-serif;\">DMC-TZ61<\/span><\/td>\n<td><span style=\"font-family: Arial,Helvetica,sans-serif;\"><a href=\"http:\/\/www.panasonic.com\/de\/consumer\/foto-video\/lumix-kompaktkameras\/dmc-tz61.html\" target=\"_blank\" rel=\"noopener noreferrer\">Panasonic<\/a><\/span><\/td>\n<td><span style=\"font-family: Arial,Helvetica,sans-serif;\">Wegen GPS; Defekt wg. Sturz<\/span><\/td>\n<\/tr>\n<tr bgcolor=\"#FFFFFF\">\n<td><span style=\"font-family: Arial,Helvetica,sans-serif;\"><\/span><\/td>\n<td><\/td>\n<td><span style=\"font-family: Arial,Helvetica,sans-serif;\">Sony (ab 12\/2017)<\/span><\/td>\n<td><span style=\"font-family: Arial,Helvetica,sans-serif;\">Cybershot DSC-HX 90V<\/span><\/td>\n<td><span style=\"font-family: Arial,Helvetica,sans-serif;\"><a href=\"https:\/\/www.sony.de\/electronics\/cyber-shot-kompaktkameras\/dsc-hx90v\" target=\"_blank\" rel=\"noopener noreferrer\">Sony<\/a><\/span><\/td>\n<td><span style=\"font-family: Arial,Helvetica,sans-serif;\">Ebenfalls mit GPS<\/span><\/td>\n<\/tr>\n<tr bgcolor=\"#FFFFFF\">\n<td><span style=\"font-family: Arial,Helvetica,sans-serif;\">K\u00fcche<\/span><\/td>\n<td><span style=\"font-family: Arial,Helvetica,sans-serif;\">Kocher<\/span><\/td>\n<td><span style=\"font-family: Arial,Helvetica,sans-serif;\">MSR<\/span><\/td>\n<td><span style=\"font-family: Arial,Helvetica,sans-serif;\">Dragonfly<\/span><\/td>\n<td><span style=\"font-family: Arial,Helvetica,sans-serif;\"><a href=\"http:\/\/www.cascadedesigns.com\/de\/msr\/stoves\/gourmet-cooking\/dragonfly\/product\" target=\"_blank\" rel=\"noopener noreferrer\">MSR<\/a><\/span><\/td>\n<td><span style=\"font-family: Arial,Helvetica,sans-serif;\">wir wollen auch Regionen bereisen, in denen es keine Gaskartuschen gibt<\/span><\/td>\n<\/tr>\n<\/tbody>\n<\/table>\n<\/div>\n<hr align=\"center\" \/>\n<p>&nbsp;<\/p>\n","protected":false},"excerpt":{"rendered":"<p>Die unvollst\u00e4ndige Auflistung unserer Ausr\u00fcstung Gruppe Untergruppe Hersteller Details Link Anmerkung Fahrrad Rahmen Simplon Kagu, Rahmenh\u00f6he 45 und 55 Simplon \u0085 mit vielen Anpassungen, hat bis auf die Gabel den Unfall in Kochi unbeschadet \u00fcberstanden Schaltung Rohloff Speedhub 500 Rohloff&hellip; <\/p>\n","protected":false},"author":111,"featured_media":0,"parent":0,"menu_order":0,"comment_status":"closed","ping_status":"closed","template":"","meta":{"footnotes":""},"class_list":["post-707","page","type-page","status-publish","hentry"],"_links":{"self":[{"href":"https:\/\/radreise.dosiek.de\/index.php?rest_route=\/wp\/v2\/pages\/707","targetHints":{"allow":["GET"]}}],"collection":[{"href":"https:\/\/radreise.dosiek.de\/index.php?rest_route=\/wp\/v2\/pages"}],"about":[{"href":"https:\/\/radreise.dosiek.de\/index.php?rest_route=\/wp\/v2\/types\/page"}],"author":[{"embeddable":true,"href":"https:\/\/radreise.dosiek.de\/index.php?rest_route=\/wp\/v2\/users\/111"}],"replies":[{"embeddable":true,"href":"https:\/\/radreise.dosiek.de\/index.php?rest_route=%2Fwp%2Fv2%2Fcomments&post=707"}],"version-history":[{"count":0,"href":"https:\/\/radreise.dosiek.de\/index.php?rest_route=\/wp\/v2\/pages\/707\/revisions"}],"wp:attachment":[{"href":"https:\/\/radreise.dosiek.de\/index.php?rest_route=%2Fwp%2Fv2%2Fmedia&parent=707"}],"curies":[{"name":"wp","href":"https:\/\/api.w.org\/{rel}","templated":true}]}}