{"id":6283,"date":"2020-02-09T10:37:36","date_gmt":"2020-02-08T23:37:36","guid":{"rendered":"https:\/\/radreise.dosiek.de\/?page_id=6283"},"modified":"2025-04-01T08:24:00","modified_gmt":"2025-04-01T06:24:00","slug":"zahlen","status":"publish","type":"page","link":"https:\/\/radreise.dosiek.de\/?page_id=6283","title":{"rendered":"Zahlen"},"content":{"rendered":"<p><!-- \n\n<p>\n <a href=\"index.php?page_id=6279\">\n  <img decoding=\"async\" src=\"https:\/\/radreise.dosiek.de\/wp-content\/uploads\/2020\/02\/ThumbKumulDiagramme.png\" alt=\"Diagramme kumulativer Gr\u00f6\u00dfen\" style=\"width:132px;height:72px;border:0;\">\n<\/a>\n<\/p>\n\n\n\n\n<p>\n <a href=\"index.php?page_id=6346\">\n  <img decoding=\"async\" src=\"https:\/\/radreise.dosiek.de\/wp-content\/uploads\/2020\/02\/ThumbScatterDiagramme.png\" alt=\"Trackdaten\" style=\"width:132px;height:72px;border:0;\">\n<\/a>\n<\/p>\n\n\n\n\n<p>\n <a href=\"index.php?page_id=6277\">\n  <img decoding=\"async\" src=\"https:\/\/radreise.dosiek.de\/wp-content\/uploads\/2020\/02\/ThumbTabelleLaender.png\" alt=\"Tabelle der L\u00e4nderaufenthalte\" style=\"width:67px;height:72px;border:0;\">\n<\/a>\n<\/p>\n\n --><\/p>\n<table>\n<tr>\n<td><a href=\"index.php?page_id=6279\"><br \/>\n  <img decoding=\"async\" src=\"https:\/\/radreise.dosiek.de\/wp-content\/uploads\/2020\/02\/ThumbKumulDiagramme.png\" alt=\"Diagramme kumulativer Gr\u00f6\u00dfen\" style=\"width:132px;height:72px;border:0;\"><br \/>\n<\/a><\/td>\n<td><a href=\"index.php?page_id=6346\"><br \/>\n  <img decoding=\"async\" src=\"https:\/\/radreise.dosiek.de\/wp-content\/uploads\/2020\/02\/ThumbScatterDiagramme.png\" alt=\"Trackdaten\" style=\"width:132px;height:72px;border:0;\"><br \/>\n<\/a><\/td>\n<td><a href=\"index.php?page_id=6277\"><br \/>\n  <img decoding=\"async\" src=\"https:\/\/radreise.dosiek.de\/wp-content\/uploads\/2020\/02\/ThumbTabelleLaender.png\" alt=\"Tabelle der L\u00e4nderaufenthalte\" style=\"width:67px;height:72px;border:0;\"><br \/>\n<\/a><\/td>\n<\/tr>\n<tr>\n<td><a href=\"index.php?page_id=6279\">Kumulative Werte<\/a><\/td>\n<td><a href=\"index.php?page_id=6346\">Trackdaten<\/a><\/td>\n<td><a href=\"index.php?page_id=6277\">L\u00e4nderdatentabelle<\/a><\/td>\n<\/tr>\n<\/table>\n<p>Die Diagramme sind f\u00fcr die Verwendung auf Ger\u00e4ten mit einem Mauszeiger konzipiert. Bei Steuerung mittels Touchscreen ist z. B. oft nicht erkennbar, welcher Datenpunkt selektiert wurde.<\/p>\n<hr>\n<p>\nDer folgende Link kann nur vom Administartor aufgerufen werden. Das ist erforderlich, wenn Daten im benutzerdefinierten Feld &#8220;nw_cf_tripdata&#8221; erg\u00e4nzt, gel\u00f6scht oder ge\u00e4ndert wurden.<br \/>\n<a href=\"index.php?page_id=6281\" onclick=\"return confirm('Sind Sie sicher?');\">Update Daten<\/a><br \/>\n<a href=\"index.php?page_id=11322\" onclick=\"return confirm('Sind Sie sicher?');\">Update Wo-Wann-Was<\/a><\/p>\n","protected":false},"excerpt":{"rendered":"<p>Kumulative Werte Trackdaten L\u00e4nderdatentabelle Die Diagramme sind f\u00fcr die Verwendung auf Ger\u00e4ten mit einem Mauszeiger konzipiert. Bei Steuerung mittels Touchscreen ist z. B. oft nicht erkennbar, welcher Datenpunkt selektiert wurde. Der folgende Link kann nur vom Administartor aufgerufen werden. Das&hellip; <\/p>\n","protected":false},"author":111,"featured_media":0,"parent":0,"menu_order":0,"comment_status":"closed","ping_status":"closed","template":"","meta":{"footnotes":""},"class_list":["post-6283","page","type-page","status-publish","hentry"],"_links":{"self":[{"href":"https:\/\/radreise.dosiek.de\/index.php?rest_route=\/wp\/v2\/pages\/6283","targetHints":{"allow":["GET"]}}],"collection":[{"href":"https:\/\/radreise.dosiek.de\/index.php?rest_route=\/wp\/v2\/pages"}],"about":[{"href":"https:\/\/radreise.dosiek.de\/index.php?rest_route=\/wp\/v2\/types\/page"}],"author":[{"embeddable":true,"href":"https:\/\/radreise.dosiek.de\/index.php?rest_route=\/wp\/v2\/users\/111"}],"replies":[{"embeddable":true,"href":"https:\/\/radreise.dosiek.de\/index.php?rest_route=%2Fwp%2Fv2%2Fcomments&post=6283"}],"version-history":[{"count":1,"href":"https:\/\/radreise.dosiek.de\/index.php?rest_route=\/wp\/v2\/pages\/6283\/revisions"}],"predecessor-version":[{"id":12218,"href":"https:\/\/radreise.dosiek.de\/index.php?rest_route=\/wp\/v2\/pages\/6283\/revisions\/12218"}],"wp:attachment":[{"href":"https:\/\/radreise.dosiek.de\/index.php?rest_route=%2Fwp%2Fv2%2Fmedia&parent=6283"}],"curies":[{"name":"wp","href":"https:\/\/api.w.org\/{rel}","templated":true}]}}