{"id":4864,"date":"2018-06-13T22:32:58","date_gmt":"2018-06-13T17:02:58","guid":{"rendered":"https:\/\/radreise.dosiek.de\/?page_id=4864"},"modified":"2023-12-29T17:36:02","modified_gmt":"2023-12-29T16:36:02","slug":"datenschutzerklaerung","status":"publish","type":"page","link":"https:\/\/radreise.dosiek.de\/?page_id=4864","title":{"rendered":"Datenschutzerkl\u00e4rung"},"content":{"rendered":"<h2>Wer wir sind<\/h2>\n<p>Die Adresse unserer Website ist: https:\/\/radreise.dosiek.de\/.<\/p>\n<h2>Welche personenbezogenen Daten wir speichern<\/h2>\n<h3>Kommentare, Beitr\u00e4ge und Medienupload durch Benutzer<\/h3>\n<p>Unsere Webseite ist so eingerichtet, dass Besucher keine Kommentare auf der Webseite schreiben oder Medien hochladen k\u00f6nnen. Weiterhin k\u00f6nnen Besucher Beitr\u00e4ge weder bearbeiten noch ver\u00f6ffentlichen.<\/p>\n<h3>Login-Informationen<\/h3>\n<p>Wir speichern die beim Login anfallenden Informationen (u. a. Username, IP-Adresse des Systems, von dem aus der Login erfolgt, Login-Zeit und -datum sowie den User-Agent-String (damit wird der Browser identifiziert)). Anhand dieser Informationen k\u00f6nnen wir erkennen, ob die urspr\u00fcnglich nur einer Person zugeordneten Zugangsdaten (Username und Passwort) von weiteren Personen genutzt werden.<\/p>\n<h3>Cookies<\/h3>\n<p>Bei der Anmeldung auf unserer Website wird ein tempor\u00e4res Cookie gesetzt, um festzustellen, ob der Browser des Besuchers Cookies akzeptiert. Dieses Cookie enth\u00e4lt keine personenbezogenen Daten und wird verworfen, wenn der Browser des Besuchers geschlossen wird.<\/p>\n<p>Bei der Anmeldung werden zus\u00e4tzlich einige Cookies einrichtet, um Anmeldeinformationen und Anzeigeoptionen zu speichern. Anmelde-Cookies verfallen nach zwei Tagen und Cookies f\u00fcr die Anzeigeoptionen nach einem Jahr. Falls bei der Anmeldung \u201eAngemeldet bleiben\u201c ausgew\u00e4hlt wird\/wurde, wird die Anmeldung zwei Wochen lang aufrechterhalten. Mit der Abmeldung werden die Anmelde-Cookies gel\u00f6scht.<\/p>\n<h3>Eingebettete Inhalte von anderen Websites<\/h3>\n<p>Beitr\u00e4ge auf dieser Website k\u00f6nnen eingebettete Inhalte beinhalten (z.&nbsp;B. Videos, Bilder, Beitr\u00e4ge etc.). Eingebettete Inhalte von anderen Websites verhalten sich exakt so, als ob der Besucher die andere Website besucht h\u00e4tte.<\/p>\n<p>Diese Websites k\u00f6nnen Daten \u00fcber den Besucher sammeln, Cookies benutzen, Tracking-Dienste von Dritten einbetten und Interaktion des Besuchers mit diesem eingebetteten Inhalt aufzeichnen, inklusive Interaktion mit dem eingebetteten Inhalt, falls der Besucher ein Konto hat und auf dieser Website angemeldet ist.<\/p>\n<h3>Analysedienste<\/h3>\n<p>Wir setzen auf dieser Website keine Analysedienste ein.<\/p>\n<h2>Wie lange wir personenbezogene Daten speichern<\/h2>\n<p>Benutzer k\u00f6nnen sich auf unserer Webseite nur anmelden, nachdem wir ihnen auf Anfrage einen Benutzernamen (normalerweise die E-Mail-Adresse) und ein Anmeldepasswort mitgeteilt haben. Benutzernamen und Passworte speichern wir ebenso wie Einstellungen in ihnen Benutzerprofilen.<\/p>\n<p>Das L\u00f6schen dieser Daten kann mit einer entsprechenden E-Mail an <a href=\"mailto:d_oberschachtsiek@web.de\">d_oberschachtsiek@web.de<\/a> veranlasst werden.<\/p>\n<h2>Welche Rechte Benutzer an ihren Daten haben<\/h2>\n<p>Benutzer dieser Website k\u00f6nnen einen Export ihrer personenbezogenen Daten bei uns anfordern. Dar\u00fcber hinaus k\u00f6nnen Benutzer die L\u00f6schung aller personenbezogenen Daten, die wir von ihnen gespeichert haben, fordern. Dies umfasst nicht die Daten, die wir aufgrund administrativer, rechtlicher oder sicherheitsrelevanter Notwendigkeiten aufbewahren m\u00fcssen.<\/p>\n<h2>Kontakt-Informationen<\/h2>\n<p>\u00dcber unsere E-Mail-Adresse <a href=\"mailto:d_oberschachtsiek@web\">d_oberschachtsiek@web<\/a> k\u00f6nnen Besucher Kontakt mit uns aufnehmen.<\/p>\n<h2>Weitere Informationen<\/h2>\n<h3>Wie wir die Daten der Benutzer sch\u00fctzen<\/h3>\n<p>Der Reisebericht nutzt das Programm <a href=\"https:\/\/de.wordpress.org\/\" target=\"_blank\" rel=\"noopener\">WordPress<\/a>, das auf einem Server von <a href=\"https:\/\/www.lima-city.de\/\" target=\"_blank\" rel=\"noopener\">lima-city.de<\/a> gehostet wird. S\u00e4mtliche Anwendungs- und Benutzerdaten werden dort gespeichert. lima-city.de hat eine <a href=\"https:\/\/www.lima-city.de\/juristisches#datenschutzerklaerung\" target=\"_blank\" rel=\"noopener\">Datenschutzerkl\u00e4rung<\/a> ver\u00f6ffentlicht. Dort ist beschrieben, wie die Daten bei lima-city.de gesch\u00fctzt werden.<\/p>\n","protected":false},"excerpt":{"rendered":"<p>Wer wir sind Die Adresse unserer Website ist: https:\/\/radreise.dosiek.de\/. Welche personenbezogenen Daten wir speichern Kommentare, Beitr\u00e4ge und Medienupload durch Benutzer Unsere Webseite ist so eingerichtet, dass Besucher keine Kommentare auf der Webseite schreiben oder Medien hochladen k\u00f6nnen. Weiterhin k\u00f6nnen Besucher&hellip; <\/p>\n","protected":false},"author":111,"featured_media":0,"parent":0,"menu_order":0,"comment_status":"closed","ping_status":"closed","template":"","meta":{"footnotes":""},"class_list":["post-4864","page","type-page","status-publish","hentry"],"_links":{"self":[{"href":"https:\/\/radreise.dosiek.de\/index.php?rest_route=\/wp\/v2\/pages\/4864","targetHints":{"allow":["GET"]}}],"collection":[{"href":"https:\/\/radreise.dosiek.de\/index.php?rest_route=\/wp\/v2\/pages"}],"about":[{"href":"https:\/\/radreise.dosiek.de\/index.php?rest_route=\/wp\/v2\/types\/page"}],"author":[{"embeddable":true,"href":"https:\/\/radreise.dosiek.de\/index.php?rest_route=\/wp\/v2\/users\/111"}],"replies":[{"embeddable":true,"href":"https:\/\/radreise.dosiek.de\/index.php?rest_route=%2Fwp%2Fv2%2Fcomments&post=4864"}],"version-history":[{"count":0,"href":"https:\/\/radreise.dosiek.de\/index.php?rest_route=\/wp\/v2\/pages\/4864\/revisions"}],"wp:attachment":[{"href":"https:\/\/radreise.dosiek.de\/index.php?rest_route=%2Fwp%2Fv2%2Fmedia&parent=4864"}],"curies":[{"name":"wp","href":"https:\/\/api.w.org\/{rel}","templated":true}]}}