{"id":274,"date":"2014-06-26T15:23:00","date_gmt":"2014-06-26T05:23:00","guid":{"rendered":"https:\/\/radreise.dosiek.de\/?page_id=274"},"modified":"2023-12-01T12:02:21","modified_gmt":"2023-12-01T11:02:21","slug":"ueber-uns","status":"publish","type":"page","link":"https:\/\/radreise.dosiek.de\/?page_id=274","title":{"rendered":"\u00dcber uns"},"content":{"rendered":"<p>Nur Personen, die uns ausreichend kennen, sollten sich bei diesem Reisebericht mit einem individuell zugeteilten Benutzernamen und Passwort angemeldet haben k\u00f6nnen. (Zur \u00c4nderung des Passworts bitten wir um Nachricht per E-Mail.) Wir meinen, uns daher nicht n\u00e4her vorstellen zu m\u00fcssen.<\/p>\n<p>Nachrichten an uns senden Sie bitte an d_oberschachtsiek@web.de.<\/p>\n<p>In den seltenen F\u00e4llen, in denen wir eine schnelle Internetverbindung nutzen k\u00f6nnen, sind wir auch \u00fcber Skype erreichbar (Unser Skype-Name: &#8220;nix.kennen&#8221;, angezeigt wird Nix Wissen (nix.kennen)). Wenn Sie uns also in Ihre Skype-Kontakte aufnehmen, werden wir informiert, wenn wir \u00fcber Skype erreichbar sind.<\/p>\n<h3>Unser Vorbild (&#8230; was uns nicht umbringt, macht uns st\u00e4rker):<\/h3>\n<p><a href=\"https:\/\/radreise.dosiek.de\/wp-content\/uploads\/2014\/06\/powermouse_250.gif\" rel=\"lightbox[274]\"><img loading=\"lazy\" decoding=\"async\" class=\"alignnone size-full wp-image-268\" src=\"https:\/\/radreise.dosiek.de\/wp-content\/uploads\/2014\/06\/powermouse_250.gif\" alt=\"PowerMouse_250x104\" width=\"250\" height=\"104\" \/><\/a><\/p>\n","protected":false},"excerpt":{"rendered":"<p>Nur Personen, die uns ausreichend kennen, sollten sich bei diesem Reisebericht mit einem individuell zugeteilten Benutzernamen und Passwort angemeldet haben k\u00f6nnen. (Zur \u00c4nderung des Passworts bitten wir um Nachricht per E-Mail.) Wir meinen, uns daher nicht n\u00e4her vorstellen zu m\u00fcssen.&hellip; <\/p>\n","protected":false},"author":111,"featured_media":0,"parent":0,"menu_order":1000,"comment_status":"closed","ping_status":"closed","template":"","meta":{"footnotes":""},"class_list":["post-274","page","type-page","status-publish","hentry"],"_links":{"self":[{"href":"https:\/\/radreise.dosiek.de\/index.php?rest_route=\/wp\/v2\/pages\/274","targetHints":{"allow":["GET"]}}],"collection":[{"href":"https:\/\/radreise.dosiek.de\/index.php?rest_route=\/wp\/v2\/pages"}],"about":[{"href":"https:\/\/radreise.dosiek.de\/index.php?rest_route=\/wp\/v2\/types\/page"}],"author":[{"embeddable":true,"href":"https:\/\/radreise.dosiek.de\/index.php?rest_route=\/wp\/v2\/users\/111"}],"replies":[{"embeddable":true,"href":"https:\/\/radreise.dosiek.de\/index.php?rest_route=%2Fwp%2Fv2%2Fcomments&post=274"}],"version-history":[{"count":0,"href":"https:\/\/radreise.dosiek.de\/index.php?rest_route=\/wp\/v2\/pages\/274\/revisions"}],"wp:attachment":[{"href":"https:\/\/radreise.dosiek.de\/index.php?rest_route=%2Fwp%2Fv2%2Fmedia&parent=274"}],"curies":[{"name":"wp","href":"https:\/\/api.w.org\/{rel}","templated":true}]}}